{"id":2107,"date":"2023-11-10T16:19:19","date_gmt":"2023-11-10T15:19:19","guid":{"rendered":"https:\/\/www.visual-note.com\/?post_type=product&#038;p=2107"},"modified":"2026-03-26T16:10:27","modified_gmt":"2026-03-26T15:10:27","slug":"eko-acoustic-ranger-6-natural-visual-note-premium-2","status":"publish","type":"product","link":"https:\/\/www.visual-note.com\/it\/prodotto\/eko-acoustic-ranger-6-natural-visual-note-premium-2\/","title":{"rendered":"Eko Acoustic Ranger 6 Natural Visual Note + Premium"},"content":{"rendered":"<h1>Eko Acoustic Guitar Ranger 6 Natural Visual Note + Premium<\/h1>\n<p style=\"text-align: left;\"><strong>CHITARRA<\/strong><br \/>\nLa Ranger 6 \u00e8 la chitarra acustica con forma Dreadnought di casa Eko Guitars con top in Abete e fondo e fasce in Linden. Il manico \u00e8 in Okoum\u00e8 con tastiera in South American Roupan\u00e0 a 20 tasti, selletta e capotasto in plastica.<\/p>\n<p>Ranger \u00e8 sicuramente la parola che risuona maggiormente nella storia Eko e che ha contribuito ad affermarlo come marchio a livello europeo. Nata con il nome J-52, questa chitarra viene ogni volta aggiornata e migliorata fino ad arrivare alle versioni J-54 (6 corde) e J-56 (12 corde) che nel 1967 vengono nominate rispettivamente Ranger VI e Ranger XII. Famose per l&#8217;ottimo rapporto qualit\u00e0 prezzo e per la loro indistruttibilit\u00e0, sono presenti ancora oggi nelle case di molti chitarristi, magari in un angolo del salotto come oggetto di arredo. Perfetta per chi fa il primo passo nel mondo della chitarra acustica, \u00e8 disponibile in pi\u00f9 varianti di colore: Natural, Black, Blue Sunburst, Brown Sunburst e Red Sunburst.<\/p>\n<p><strong>DISPOSITIVO<br \/>\n<\/strong>Il bundle include il Music Learning Device Visual Note che consiste in una lamina LED RGB ultra sottile installata sul manico e una centralina wireless rimovibile, ultraleggera e cos\u00ec piccola da scomparire completamente sul retro della paletta.<br \/>\nLa centralina \u00e8 dotata di batteria ricaricabile con durata di circa 10 ore e cavo di ricarica con aggancio magnetico.<br \/>\n(il dispositivo LED pu\u00f2 essere rimosso dalla chitarra senza alcuna conseguenza sullo strumento)<\/p>\n<p><strong>ABBONAMENTO PREMIUM<\/strong><br \/>\nIl sistema didattico Visual Note ti consente di imparare a suonare in modo straordinariamente semplice e intuitivo grazie alla guida dei LED sul manico, ai corsi step by step e alle numerose funzionalit\u00e0 dell\u2019APP. Con Premium avrai accesso completo a tutte le funzioni dell&#8217;App e a tutti i contenuti inclusi i nuovi rilasci periodici. Potrai caricare senza limiti le tue tablature per imparare le canzoni che ami con il supporto dei LED e dell&#8217;App Player. Potrai creare senza limiti i tuoi diagrammi e i tuoi effetti luminosi personali.<\/p>\n","protected":false},"excerpt":{"rendered":"<p style=\"text-align: justify;\">Goditi l&#8217;esperienza completa Visual Note e inizia a imparare subito senza compromessi.<\/p>\n<p>Con il Premium Bundle Acustica ricevi in pochissimo tempo a casa tua una bellissima chitarra Eko Ranger 6 con il dispositivo LED Visual Note gi\u00e0 installato e l&#8217;abbonamento Premium incluso. <span style=\"text-align: justify;\">Tutte le funzionalit\u00e0 dell&#8217;App Visual Note disponibili per te, senza limiti.<\/span><\/p>\n<p style=\"text-align: justify;\"><strong>COLORE CHITARRA: <\/strong>Legno Naturale<\/p>\n","protected":false},"featured_media":1977,"template":"","meta":{"_acf_changed":false},"product_cat":[174],"product_tag":[],"acf":[],"_links":{"self":[{"href":"https:\/\/www.visual-note.com\/it\/wp-json\/wp\/v2\/product\/2107"}],"collection":[{"href":"https:\/\/www.visual-note.com\/it\/wp-json\/wp\/v2\/product"}],"about":[{"href":"https:\/\/www.visual-note.com\/it\/wp-json\/wp\/v2\/types\/product"}],"wp:featuredmedia":[{"embeddable":true,"href":"https:\/\/www.visual-note.com\/it\/wp-json\/wp\/v2\/media\/1977"}],"wp:attachment":[{"href":"https:\/\/www.visual-note.com\/it\/wp-json\/wp\/v2\/media?parent=2107"}],"wp:term":[{"taxonomy":"product_cat","embeddable":true,"href":"https:\/\/www.visual-note.com\/it\/wp-json\/wp\/v2\/product_cat?post=2107"},{"taxonomy":"product_tag","embeddable":true,"href":"https:\/\/www.visual-note.com\/it\/wp-json\/wp\/v2\/product_tag?post=2107"}],"curies":[{"name":"wp","href":"https:\/\/api.w.org\/{rel}","templated":true}]}}