{"id":108,"date":"2023-03-30T10:02:47","date_gmt":"2023-03-30T08:02:47","guid":{"rendered":"http:\/\/www.domenicopierro.it\/visualnote\/?post_type=product&#038;p=108"},"modified":"2026-03-26T16:43:10","modified_gmt":"2026-03-26T15:43:10","slug":"eko-acoustic-ranger-6-sunburst-visual-note","status":"publish","type":"product","link":"https:\/\/www.visual-note.com\/it\/prodotto\/eko-acoustic-ranger-6-sunburst-visual-note\/","title":{"rendered":"Eko Acoustic Ranger 6 Sunburst Visual Note"},"content":{"rendered":"<h1>Eko Acoustic Guitar Ranger 6 Sunburst Visual Note<\/h1>\n<p>La Ranger 6 Marrone Sunburst \u00e8 la chitarra acustica con forma Dreadnought di casa Eko Guitars con top in Abete e fondo e fasce in Linden. Il manico \u00e8 in Okoum\u00e8 con tastiera in South American Roupan\u00e0 a 20 tasti, selletta e capotasto in plastica. Ranger \u00e8 sicuramente la parola che risuona maggiormente nella storia Eko e che ha contribuito ad affermarlo come marchio a livello europeo. Nata con il nome J-52, questa chitarra viene ogni volta aggiornata e migliorata fino ad arrivare alle versioni J-54 (6 corde) e J-56 (12 corde) che nel 1967 vengono nominate rispettivamente Ranger VI e Ranger XII. Famose per l&#8217;ottimo rapporto qualit\u00e0-prezzo e per la loro indistruttibilit\u00e0, sono ancora oggi presenti nelle case di molti chitarristi, magari in un angolo del salotto come oggetto d&#8217;arredo. Perfetta per chi fa il primo passo nel mondo della chitarra acustica, \u00e8 disponibile in pi\u00f9 varianti di colore: Natural, Black, Blue Sunburst, Brown Sunburst e Red Sunburst.<\/p>\n<p>Il bundle include il MLD Visual Note consistente in una lamina LED RGB ultra sottile installata sul manico e una centralina wireless amovibile, ultraleggera e cos\u00ec piccola da scomparire completamente sul retro della paletta.<\/p>\n<p>Il dispositivo LED richiede l\u2019abbonamento all\u2019APP Visual Note.<\/p>\n<p>Il sistema didattico Visual Note ti consentir\u00e0 di imparare a suonare in modo straordinariamente semplice e intuitivo grazie ai corsi, alle numerose funzionalit\u00e0 dell\u2019APP e alla guida LED del MLD. \u00c8 inoltre disponibile il <a href=\"https:\/\/www.visual-note.com\/it\/prodotto\/eko-acoustic-ranger-6-red-sunburst-visual-note-premium\/\">Bundle Premium<\/a>, che include l\u2019accesso completo all\u2019APP Visual Note.<\/p>\n","protected":false},"excerpt":{"rendered":"<p style=\"text-align: justify;\">Suonare le tue canzoni preferite sar\u00e0 facilissimo ed estremamente piacevole con il Bundle Visual Note Eko Ranger.<\/p>\n<p style=\"text-align: justify;\">Una chitarra dal suono pieno e brillante, con alle spalle una storia di pi\u00f9 di sessant&#8217;anni.<\/p>\n<p style=\"text-align: justify;\">Grazie al sistema Visual Note integrato la Eko Ranger 6 diventa un innovativo strumento per l&#8217;apprendimento che coniuga sonorit\u00e0 bellisime a funzioni estremamente avanzate.<\/p>\n<p style=\"text-align: justify;\"><strong>COLORE CHITARRA: <\/strong>Marrone Sunburst<\/p>\n","protected":false},"featured_media":244,"template":"","meta":{"_acf_changed":false},"product_cat":[40],"product_tag":[],"acf":[],"_links":{"self":[{"href":"https:\/\/www.visual-note.com\/it\/wp-json\/wp\/v2\/product\/108"}],"collection":[{"href":"https:\/\/www.visual-note.com\/it\/wp-json\/wp\/v2\/product"}],"about":[{"href":"https:\/\/www.visual-note.com\/it\/wp-json\/wp\/v2\/types\/product"}],"wp:featuredmedia":[{"embeddable":true,"href":"https:\/\/www.visual-note.com\/it\/wp-json\/wp\/v2\/media\/244"}],"wp:attachment":[{"href":"https:\/\/www.visual-note.com\/it\/wp-json\/wp\/v2\/media?parent=108"}],"wp:term":[{"taxonomy":"product_cat","embeddable":true,"href":"https:\/\/www.visual-note.com\/it\/wp-json\/wp\/v2\/product_cat?post=108"},{"taxonomy":"product_tag","embeddable":true,"href":"https:\/\/www.visual-note.com\/it\/wp-json\/wp\/v2\/product_tag?post=108"}],"curies":[{"name":"wp","href":"https:\/\/api.w.org\/{rel}","templated":true}]}}