{"id":79,"date":"2023-03-21T22:28:52","date_gmt":"2023-03-21T21:28:52","guid":{"rendered":"http:\/\/www.domenicopierro.it\/visualnote\/?page_id=79"},"modified":"2026-01-18T20:13:14","modified_gmt":"2026-01-18T19:13:14","slug":"termini-e-condizioni","status":"publish","type":"page","link":"https:\/\/www.visual-note.com\/it\/termini-e-condizioni\/","title":{"rendered":"Termini e condizioni"},"content":{"rendered":"\n<p>La navigazione del sito www.visual-note.com \u00e8 libera per tutti gli utenti del web. Tutti gli utenti, che intendono usufruire dei servizi del nostro sito web (registrazione e gestione area private web clienti) sono comunque soggetti all\u2019accettazione delle presenti condizioni di vendita, note e termini legali.<\/p>\n\n\n\n<p>Tutti i dati riservati, personali e sensibili rilasciati dall\u2019utente su www.visual-note.com o inviati a un indirizzo di posta elettronica con lo stesso dominio, saranno trattati nel rispetto delle norme vigenti in materia di privacy.<\/p>\n\n\n\n<p>Responsabilit\u00e0 credenziali di accesso (Username e Password)<\/p>\n\n\n\n<p>All\u2019atto della registrazione, nel momento in cui l\u2019utente fornisce informazioni per l\u2019utilizzo o la richiesta di username e password, garantisce che tali informazioni siano veritiere, esatte, aggiornate e complete, come richiesto dai moduli di registrazione on line su www.visual-note.com o tramite altri metodi (es. via posta elettronica). Qualora le informazioni fornite dall\u2019utente siano false, inesatte, non aggiornate o incomplete, Visual Note 2 srl potr\u00e0 bloccare o sospendere l\u2019accesso alla relativa sezione del sito web in qualsiasi momento. Ogni abuso verr\u00e0 perseguito a norma di legge.<\/p>\n\n\n\n<p>Klarna<\/p>\n\n\n\n<p>Per poter offrire all\u2019utente i metodi di pagamento di Klarna, al checkout potremmo trasmettere a Klarna i dati personali dell\u2019utente sotto forma di recapiti e dettagli dell\u2019ordine, in modo che Klarna possa valutare l\u2019idoneit\u00e0 dell\u2019utente ai suoi metodi di pagamento e personalizzare tali metodi di pagamento. I dati personali dell\u2019utente trasferiti sono trattati in linea con la policy sulla privacy di Klarna.<\/p>\n\n\n\n<p>Limitazioni d\u2019 uso del sito internet<\/p>\n\n\n\n<p>Visual Note 2 srl vieta a qualsiasi azione o comportamento che abbia lo scopo di:<\/p>\n\n\n\n<p>\u2013 Accedere a www.visual-note.com tramite strumenti software e\/o hardware per il recupero sistematico di informazioni o per un utilizzo fraudolento dei suoi contenuti.<\/p>\n\n\n\n<p>\u2013 Riprodurre qualunque sezione del sito Web su altri siti senza l\u2019approvazione scritta da parte della societ\u00e0 Visual Note 2 srl.<\/p>\n\n\n\n<p>\u2013 Creare link ipertestuali che fanno visualizzare www.visual-note.com all\u2019interno di frame di altri siti senza l\u2019approvazione scritta da parte della societ\u00e0 Visual Note srl.<\/p>\n\n\n\n<p>\u00c8 vietato qualunque utilizzo di www.visual-note.com o dei suoi contenuti tale da arrecare danno agli altri utenti del sito, violare i loro diritti, interferire in altro modo con il corretto funzionamento del sito web o ripercuotersi negativamente sulle informazioni presentate sul sito web o sul software di gestione. Non \u00e8 consentito utilizzare il sito web sotto falso nome, n\u00e9 aggirare le misure di sicurezza predisposte per le sezioni non accessibili del sito. \u00c8 vietato qualunque utilizzo di www.visual-note.com o di tutte le sue sezioni, che potrebbe costituire una condotta penalmente rilevante, ogni abuso verr\u00e0 perseguito a norma di legge.<\/p>\n\n\n\n<p>Informativa sulle condizioni di vendita<\/p>\n\n\n\n<p>Visual Note 2 srl potr\u00e0 modificare o aggiornare i presenti termini e condizioni di utilizzo in qualsiasi momento. L\u2019utente accetta di essere vincolato da tali modifiche e dovr\u00e0 pertanto visitare periodicamente questa pagina per mantenersi aggiornato sul contenuto dei termini e condizioni di utilizzo.<\/p>\n\n\n\n<p>Foro competente<\/p>\n\n\n\n<p>Per qualsiasi controversia il foro competente \u00e8 quello di Roma.<\/p>\n","protected":false},"excerpt":{"rendered":"<p>La navigazione del sito www.visual-note.com \u00e8 libera per tutti gli utenti del web. Tutti gli utenti, che intendono usufruire dei servizi del nostro sito web (registrazione e gestione area private web clienti) sono comunque soggetti all\u2019accettazione delle presenti condizioni di vendita, note e termini legali. Tutti i dati riservati, personali e sensibili rilasciati dall\u2019utente su [&hellip;]<\/p>\n","protected":false},"author":4,"featured_media":0,"parent":0,"menu_order":0,"comment_status":"closed","ping_status":"closed","template":"single-template.php","meta":{"_acf_changed":false,"footnotes":""},"acf":[],"_links":{"self":[{"href":"https:\/\/www.visual-note.com\/it\/wp-json\/wp\/v2\/pages\/79"}],"collection":[{"href":"https:\/\/www.visual-note.com\/it\/wp-json\/wp\/v2\/pages"}],"about":[{"href":"https:\/\/www.visual-note.com\/it\/wp-json\/wp\/v2\/types\/page"}],"author":[{"embeddable":true,"href":"https:\/\/www.visual-note.com\/it\/wp-json\/wp\/v2\/users\/4"}],"replies":[{"embeddable":true,"href":"https:\/\/www.visual-note.com\/it\/wp-json\/wp\/v2\/comments?post=79"}],"version-history":[{"count":2,"href":"https:\/\/www.visual-note.com\/it\/wp-json\/wp\/v2\/pages\/79\/revisions"}],"predecessor-version":[{"id":21450,"href":"https:\/\/www.visual-note.com\/it\/wp-json\/wp\/v2\/pages\/79\/revisions\/21450"}],"wp:attachment":[{"href":"https:\/\/www.visual-note.com\/it\/wp-json\/wp\/v2\/media?parent=79"}],"curies":[{"name":"wp","href":"https:\/\/api.w.org\/{rel}","templated":true}]}}