{"id":21181,"date":"2025-12-19T16:28:25","date_gmt":"2025-12-19T15:28:25","guid":{"rendered":"https:\/\/www.visual-note.com\/?post_type=product&#038;p=21181"},"modified":"2026-03-25T17:19:30","modified_gmt":"2026-03-25T16:19:30","slug":"eko-tl-300-visual-note","status":"publish","type":"product","link":"https:\/\/www.visual-note.com\/en\/prodotto\/eko-tl-300-visual-note\/","title":{"rendered":"Eko TL-300 Visual Note"},"content":{"rendered":"<h1>Eko Electric Guitar TL-300 Visual Note<\/h1>\n<p>\ud83c\uddec\ud83c\udde7 GUITAR<\/p>\n<p>The Eko TL-300 is an electric guitar from Eko Guitars\u2019 Tribute Starter series, inspired by classic Tele-style shapes. It features a poplar body, maple neck, and a 22-fret fingerboard made of Laurel. With a 650 mm scale length and a 42 mm nut width, it is equipped with two single-coil pickups, controlled via volume and tone knobs and a 3-way blade switch. It is ideal for players who love the bright, cutting tones typical of Tele-style guitars. The TL-300 is available in Black.<\/p>\n<p>The bundle includes the Visual Note MLD, consisting of an ultra-thin RGB LED strip installed on the neck and a removable, ultra-lightweight wireless control unit, so small it fits discreetly on the back of the headstock.<\/p>\n<p>The LED device requires a subscription to the Visual Note App.<\/p>\n<p>The Visual Note learning system allows you to learn guitar in an exceptionally simple and intuitive way thanks to the courses, the many features of the app, and the LED guidance provided by the MLD. A <a href=\"https:\/\/www.visual-note.com\/en\/prodotto\/eko-tl-300-visual-note-premium\/\">Premium Bundle<\/a> with full Visual Note App access is also available.<\/p>\n<p>\ud83c\uddee\ud83c\uddf9 CHITARRA<\/p>\n<p>La Eko TL-300 \u00e8 la chitarra elettrica della serie &#8220;Tribute Starter&#8221; di casa Eko Guitars ispirata a forme tele. \u00c8 costruita con corpo in Pioppo, manico in Acero e tastiera 22 tasti in Laurel. Con una lunghezza di scala da 650 mm e capotasto da 42 mm, \u00e8 equipaggiata con due pickup single coil gestibili tramite controlli di volume e tono, e switch blade a 3 vie. Ideale per gli amanti delle sonorit\u00e0 acide tipiche di chitarre in stile tele. La TL-300 \u00e8 disponibile nella colorazione Black.<\/p>\n<p>Il bundle include il MLD Visual Note consistente in una lamina LED RGB ultra sottile installata sul manico e una centralina wireless amovibile, ultraleggera e cos\u00ec piccola da scomparire completamente sul retro della paletta.<\/p>\n<p>Il dispositivo LED richiede l&#8217;abbonamento all&#8217;APP Visual Note.<\/p>\n<p>Il sistema didattico Visual Note ti consentir\u00e0 di imparare a suonare in modo straordinariamente semplice e intuitivo grazie ai corsi, alle numerose funzionalit\u00e0 dell&#8217;APP e alla guida LED del MLD. \u00c8 disponibile anche il <a href=\"https:\/\/www.visual-note.com\/it\/prodotto\/eko-tl-300-visual-note-premium\/\">Bundle Premium<\/a>\u00a0che include l&#8217;accesso completo all&#8217;App Visual Note.<\/p>\n","protected":false},"excerpt":{"rendered":"<div style=\"font-size: 16px; line-height: 1.7; color: #ffffff;\">\n<p>\ud83c\uddec\ud83c\udde7 The perfect bundle for true blues lovers.<\/p>\n<p>It includes an <strong data-start=\"80\" data-end=\"110\">Eko TL-300 electric guitar<\/strong> with the <strong data-start=\"120\" data-end=\"175\">Visual Note Music Learning Device already installed<\/strong>.<\/p>\n<p data-start=\"178\" data-end=\"332\">A beautiful guitar, easy to play, with an integrated learning system that lets you start learning right away thanks to Visual Note\u2019s courses and features.<\/p>\n<p>Guitar Color<strong data-start=\"334\" data-end=\"351\">:<\/strong> Black<\/p>\n<p>\ud83c\uddee\ud83c\uddf9 Il bundle perfetto per chi vuole partire subito con il Blues!<\/p>\n<p>Include una <strong>chitarra elettrica Eko TL-300<\/strong> con il <strong>Music Learning Device Visual Note gi\u00e0 installato.<\/strong> Una chitarra bellissima, semplice da suonare e con un sistema didattico gi\u00e0 integrato, per iniziare a imparare subito grazie ai corsi e alle funzionalit\u00e0 Visual Note.<\/p>\n<p>Colore Chitarra: Nero<\/p>\n<\/div>\n","protected":false},"featured_media":3209,"template":"","meta":{"_acf_changed":false},"product_cat":[40],"product_tag":[],"acf":[],"_links":{"self":[{"href":"https:\/\/www.visual-note.com\/en\/wp-json\/wp\/v2\/product\/21181"}],"collection":[{"href":"https:\/\/www.visual-note.com\/en\/wp-json\/wp\/v2\/product"}],"about":[{"href":"https:\/\/www.visual-note.com\/en\/wp-json\/wp\/v2\/types\/product"}],"wp:featuredmedia":[{"embeddable":true,"href":"https:\/\/www.visual-note.com\/en\/wp-json\/wp\/v2\/media\/3209"}],"wp:attachment":[{"href":"https:\/\/www.visual-note.com\/en\/wp-json\/wp\/v2\/media?parent=21181"}],"wp:term":[{"taxonomy":"product_cat","embeddable":true,"href":"https:\/\/www.visual-note.com\/en\/wp-json\/wp\/v2\/product_cat?post=21181"},{"taxonomy":"product_tag","embeddable":true,"href":"https:\/\/www.visual-note.com\/en\/wp-json\/wp\/v2\/product_tag?post=21181"}],"curies":[{"name":"wp","href":"https:\/\/api.w.org\/{rel}","templated":true}]}}